{"id":10508,"date":"2025-04-11T15:44:03","date_gmt":"2025-04-11T20:44:03","guid":{"rendered":"https:\/\/montreal.artiris.com\/?page_id=10508"},"modified":"2025-05-12T17:32:13","modified_gmt":"2025-05-12T22:32:13","slug":"cgv","status":"publish","type":"page","link":"https:\/\/montreal.artiris.com\/en\/tcs\/","title":{"rendered":"general terms and conditions of sale and personal information"},"content":{"rendered":"<div data-elementor-type=\"wp-page\" data-elementor-id=\"10508\" class=\"elementor elementor-10508\" data-elementor-post-type=\"page\">\n\t\t\t\t\t\t<section class=\"elementor-section elementor-top-section elementor-element elementor-element-4af9bc07 elementor-section-boxed elementor-section-height-default elementor-section-height-default\" data-id=\"4af9bc07\" data-element_type=\"section\" data-e-type=\"section\">\n\t\t\t\t\t\t<div class=\"elementor-container elementor-column-gap-default\">\n\t\t\t\t\t<div class=\"elementor-column elementor-col-100 elementor-top-column elementor-element elementor-element-43576afb\" data-id=\"43576afb\" data-element_type=\"column\" data-e-type=\"column\">\n\t\t\t<div class=\"elementor-widget-wrap elementor-element-populated\">\n\t\t\t\t\t\t<div class=\"elementor-element elementor-element-f1dce75 elementor-widget elementor-widget-heading\" data-id=\"f1dce75\" data-element_type=\"widget\" data-e-type=\"widget\" data-widget_type=\"heading.default\">\n\t\t\t\t<div class=\"elementor-widget-container\">\n\t\t\t\t\t<h2 class=\"elementor-heading-title elementor-size-default\">Terms and conditions of sale and personal information<\/h2>\t\t\t\t<\/div>\n\t\t\t\t<\/div>\n\t\t\t\t<div class=\"elementor-element elementor-element-589e88e4 elementor-widget__width-auto elementor-widget elementor-widget-text-editor\" data-id=\"589e88e4\" data-element_type=\"widget\" data-e-type=\"widget\" data-widget_type=\"text-editor.default\">\n\t\t\t\t<div class=\"elementor-widget-container\">\n\t\t\t\t\t\t\t\t\t\n<p class=\"has-text-align-center\"><strong>ARTIRIS INC<\/strong><br \/>228 Rue Saint-Jacques, Montreal, QC H2Y 1L9<br \/>Entreprise Qu\u00e9bec number: 1179257424<br \/>Contact: <a>allo@artiris.com<\/a><br \/>Site : <a class=\"\" href=\"https:\/\/montreal.artiris.com\/en\/\">montreal.artiris.com<\/a><\/p>\n\n\n<hr class=\"wp-block-separator has-alpha-channel-opacity\" \/>\n<p data-start=\"380\" data-end=\"602\">In accordance with Bill 25 modernizing the legislative provisions governing the protection of personal information in Quebec, we are committed to protecting the confidentiality of the information you entrust to us.<\/p>\n<h3 data-start=\"604\" data-end=\"669\">1. Privacy Officer<\/h3>\n<p data-start=\"670\" data-end=\"750\">ARTiRiS' Privacy Officer is :<\/p>\n<p data-start=\"752\" data-end=\"830\"><strong data-start=\"752\" data-end=\"770\">Vincent Guesn\u00e9<\/strong><br data-start=\"770\" data-end=\"773\" \/>\ud83d\udce7 Email: <a rel=\"noopener\" data-start=\"787\" data-end=\"830\">allo@artiris.com<\/a><\/p>\n<p data-start=\"832\" data-end=\"996\">This is the address to which you can send any request concerning your personal data (access, rectification, deletion, withdrawal of consent, etc.).<\/p>\n<h3 data-start=\"998\" data-end=\"1023\">2. Collected data<\/h3>\n<p data-start=\"1024\" data-end=\"1123\">We collect only the information necessary to manage our services, including :<\/p>\n<ul data-start=\"1124\" data-end=\"1189\">\n<li style=\"list-style-type: none;\">\n<ul data-start=\"1124\" data-end=\"1189\">\n<li style=\"list-style-type: none;\">\n<ul data-start=\"1124\" data-end=\"1189\">\n<li data-start=\"1124\" data-end=\"1139\">\n<p data-start=\"1126\" data-end=\"1139\">First and last name<\/p>\n<\/li>\n<li data-start=\"1140\" data-end=\"1158\">\n<p data-start=\"1142\" data-end=\"1158\">Email address<\/p>\n<\/li>\n<li data-start=\"1159\" data-end=\"1176\">\n<p data-start=\"1161\" data-end=\"1176\">Postal address<\/p>\n<\/li>\n<li data-start=\"1177\" data-end=\"1189\">\n<p data-start=\"1179\" data-end=\"1189\">IP address<\/p>\n<\/li>\n<li data-start=\"1177\" data-end=\"1189\">\n<p data-start=\"1179\" data-end=\"1189\">High-definition photographic image of your iris in 2 dimensions<\/p>\n<\/li>\n<li data-start=\"1177\" data-end=\"1189\">\n<p data-start=\"1179\" data-end=\"1189\">Printing and shipping preferences<\/p>\n<\/li>\n<\/ul>\n<\/li>\n<\/ul>\n<\/li>\n<\/ul>\n<p data-start=\"1191\" data-end=\"1318\">This data is collected via our contact form, our order form, or when making an appointment.<\/p>\n<h3 data-start=\"1320\" data-end=\"1350\">3. Purpose of collection<\/h3>\n<p data-start=\"1351\" data-end=\"1401\">Your personal information is used for :<\/p>\n<ul data-start=\"1402\" data-end=\"1642\">\n<li data-start=\"1402\" data-end=\"1435\">\n<p data-start=\"1404\" data-end=\"1435\">Process and deliver orders<\/p>\n<\/li>\n<li data-start=\"1436\" data-end=\"1500\">\n<p data-start=\"1438\" data-end=\"1500\">Contact you about your purchase or appointment<\/p>\n<\/li>\n<li data-start=\"1501\" data-end=\"1569\">\n<p data-start=\"1503\" data-end=\"1569\">Analyze the use of our website for improvement purposes<\/p>\n<\/li>\n<li data-start=\"1570\" data-end=\"1642\">\n<p data-start=\"1572\" data-end=\"1642\">To send you marketing communications, if you have given your consent<\/p>\n<\/li>\n<li data-start=\"1177\" data-end=\"1189\">\n<p data-start=\"1179\" data-end=\"1189\">Securely store your iris image for up to 2 years to facilitate future reprints or complementary products.<\/p>\n<\/li>\n<li data-start=\"1177\" data-end=\"1189\">\n<p data-start=\"1179\" data-end=\"1189\">You propose offers and news concerning Artiris services from time to time.<\/p>\n<\/li>\n<li data-start=\"1177\" data-end=\"1189\">\n<p data-start=\"1179\" data-end=\"1189\">Create and deliver your personalized photographic work, provide after-sales service and guarantee<\/p>\n<\/li>\n<li data-start=\"1177\" data-end=\"1189\">\n<p data-start=\"1179\" data-end=\"1189\">Produce promotional material (iris photo without name or face) for the website, social networks or posters<\/p>\n<\/li>\n<\/ul>\n<h3 data-start=\"1644\" data-end=\"1670\">4. Sharing with third parties<\/h3>\n<p data-start=\"1671\" data-end=\"1784\">Some data may be shared with third-party services strictly necessary for our operations:<\/p>\n<ul data-start=\"1785\" data-end=\"1913\">\n<li data-start=\"1785\" data-end=\"1820\">\n<p data-start=\"1787\" data-end=\"1820\"><strong data-start=\"1787\" data-end=\"1797\">Square<\/strong> (make an appointment)<\/p>\n<\/li>\n<li data-start=\"1821\" data-end=\"1913\">\n<p data-start=\"1823\" data-end=\"1913\"><strong data-start=\"1823\" data-end=\"1843\">Google Analytics<\/strong>, <strong data-start=\"1845\" data-end=\"1859\">Meta Pixel<\/strong>, <strong data-start=\"1861\" data-end=\"1874\">Pinterest<\/strong> and <strong data-start=\"1878\" data-end=\"1890\">Bing Ads<\/strong> (analysis and advertising)<\/p>\n<\/li>\n<\/ul>\n<p data-start=\"1915\" data-end=\"2046\">These services have their own privacy policies. Square clearly notifies collection on its own platform.<\/p>\n<h3 data-start=\"2048\" data-end=\"2094\">5. Hosting and data retention<\/h3>\n<p data-start=\"2095\" data-end=\"2351\">Website data is hosted in Canada at WHC Canada (7250 Clark St Bureau 301, Montr\u00e9al, QC H2R 2Y3).<br data-start=\"2209\" data-end=\"2212\" \/>Data is kept as long as necessary for the above-mentioned purposes, unless explicitly requested to be deleted.<\/p>\n<p data-start=\"2095\" data-end=\"2351\">We store data for print tracking, home delivery on Google Drive, WordPress (website), Microsoft One Drive, Mailbox (Microsoft).\u00a0<\/p>\n<p data-start=\"2095\" data-end=\"2351\"><span style=\"font-size: 1rem;\">We archive or destroy such data at our discretion at the end of the relationship unless the customer makes an explicit request for the destruction of their information or if a maximum or minimum retention period is required by law.<\/span><\/p>\n<h3 data-start=\"2353\" data-end=\"2372\">6. Consent<\/h3>\n<ul data-start=\"2373\" data-end=\"2757\">\n<li data-start=\"2373\" data-end=\"2517\">\n<p data-start=\"2375\" data-end=\"2517\">On your first visit, a consent banner allows you to accept or refuse the use of cookies and tracking tools.<\/p>\n<\/li>\n<li data-start=\"2518\" data-end=\"2612\">\n<p data-start=\"2520\" data-end=\"2612\">Your consent is required for all non-essential data collection (marketing, statistics).<\/p>\n<\/li>\n<li data-start=\"2613\" data-end=\"2757\">\n<p data-start=\"2615\" data-end=\"2757\">You may withdraw your consent or request the deletion of your data by writing to us at <a rel=\"noopener\" data-start=\"2713\" data-end=\"2756\">allo@artiris.com<\/a>.<\/p>\n<\/li>\n<\/ul>\n<h3 data-start=\"2759\" data-end=\"2776\">7. Your rights<\/h3>\n<p data-start=\"2777\" data-end=\"2797\">You have the right :<\/p>\n<ul data-start=\"2798\" data-end=\"2930\">\n<li data-start=\"2798\" data-end=\"2836\">\n<p data-start=\"2800\" data-end=\"2836\">Access to your personal data<\/p>\n<\/li>\n<li data-start=\"2837\" data-end=\"2884\">\n<p data-start=\"2839\" data-end=\"2884\">Request a correction or deletion<\/p>\n<\/li>\n<li data-start=\"2885\" data-end=\"2930\">\n<p data-start=\"2887\" data-end=\"2930\">Withdraw your consent at any time<\/p>\n<\/li>\n<\/ul>\n<p data-start=\"2932\" data-end=\"3044\">We undertake to deal with any request within a reasonable time, in accordance with the applicable legislation.<\/p>\n<p><!-- \/wp:paragraph --><\/p>\t\t\t\t\t\t\t\t<\/div>\n\t\t\t\t<\/div>\n\t\t\t\t\t<\/div>\n\t\t<\/div>\n\t\t\t\t\t<\/div>\n\t\t<\/section>\n\t\t\t\t<section class=\"elementor-section elementor-top-section elementor-element elementor-element-a83afcc elementor-section-boxed elementor-section-height-default elementor-section-height-default\" data-id=\"a83afcc\" data-element_type=\"section\" data-e-type=\"section\">\n\t\t\t\t\t\t<div class=\"elementor-container elementor-column-gap-default\">\n\t\t\t\t\t<div class=\"elementor-column elementor-col-100 elementor-top-column elementor-element elementor-element-6e93995\" data-id=\"6e93995\" data-element_type=\"column\" data-e-type=\"column\">\n\t\t\t<div class=\"elementor-widget-wrap elementor-element-populated\">\n\t\t\t\t\t\t<div class=\"elementor-element elementor-element-fbc0c95 elementor-widget__width-auto elementor-widget elementor-widget-text-editor\" data-id=\"fbc0c95\" data-element_type=\"widget\" data-e-type=\"widget\" data-widget_type=\"text-editor.default\">\n\t\t\t\t<div class=\"elementor-widget-container\">\n\t\t\t\t\t\t\t\t\t\n\n<!-- wp:heading {\"className\":\"\"} -->\n<h2 class=\"wp-block-heading\">1. Purpose<\/h2>\n<!-- \/wp:heading -->\n\n<!-- wp:paragraph {\"className\":\"\"} -->\n<p>These General Terms and Conditions of Sale (GTCS) apply to all orders placed with ARTIRIS INC, whether via our website or in our physical boutique located at 228 Rue Saint-Jacques, Montr\u00e9al. They are intended to govern the contractual relationship between ARTIRIS INC and the customer.<\/p>\n<!-- \/wp:paragraph -->\n\n<!-- wp:separator --><hr class=\"wp-block-separator has-alpha-channel-opacity\" \/><!-- \/wp:separator -->\n\n<!-- wp:heading {\"className\":\"\"} -->\n<h2 class=\"wp-block-heading\">2. Products<\/h2>\n<!-- \/wp:heading -->\n\n<!-- wp:paragraph {\"className\":\"\"} -->\n<p>ARTIRIS INC offers iris photography sessions as well as large-format artistic prints. Each work is personalized and made-to-measure, according to the specific needs of each customer.<\/p>\n<!-- \/wp:paragraph -->\n\n<!-- wp:separator --><hr class=\"wp-block-separator has-alpha-channel-opacity\" \/><!-- \/wp:separator -->\n\n<!-- wp:heading {\"className\":\"\"} -->\n<h2 class=\"wp-block-heading\">3. Control<\/h2>\n<!-- \/wp:heading -->\n\n<!-- wp:paragraph {\"className\":\"\"} -->\n<p>Orders can be placed online via our website or directly in our store. All orders imply unreserved acceptance of these terms and conditions.<\/p>\n<!-- \/wp:paragraph -->\n\n<!-- wp:separator --><hr class=\"wp-block-separator has-alpha-channel-opacity\" \/><!-- \/wp:separator -->\n\n<!-- wp:heading {\"className\":\"\"} -->\n<h2 class=\"wp-block-heading\">4. Prices and payment<\/h2>\n<!-- \/wp:heading -->\n\n<!-- wp:paragraph {\"className\":\"\"} -->\n<p>Prices displayed on the site are in Canadian dollars (CAD) and include all applicable taxes. Payment is due immediately upon ordering and can be made by credit card, PayPal or any other method offered on the site.<\/p>\n<!-- \/wp:paragraph -->\n\n<!-- wp:separator --><hr class=\"wp-block-separator has-alpha-channel-opacity\" \/><!-- \/wp:separator -->\n\n<!-- wp:heading {\"className\":\"\"} -->\n<h2 class=\"wp-block-heading\">5. Shipping policy<\/h2>\n<!-- \/wp:heading -->\n\n<!-- wp:heading {\"level\":3,\"className\":\"\"} -->\n<h3 class=\"wp-block-heading\">Areas served<\/h3>\n<!-- \/wp:heading -->\n\n<!-- wp:paragraph {\"className\":\"\"} -->\n<p>We deliver to Canada, the United States and Europe.<\/p>\n<!-- \/wp:paragraph -->\n\n<!-- wp:heading {\"level\":3,\"className\":\"\"} -->\n<h3 class=\"wp-block-heading\">Processing times<\/h3>\n<!-- \/wp:heading -->\n\n<!-- wp:paragraph {\"className\":\"\"} -->\n<p>All orders are processed within <strong>1 to 2 working days<\/strong>.<\/p>\n<!-- \/wp:paragraph -->\n\n<!-- wp:heading {\"level\":3,\"className\":\"\"} -->\n<h3 class=\"wp-block-heading\">Delivery times<\/h3>\n<!-- \/wp:heading -->\n\n<!-- wp:paragraph {\"className\":\"\"} -->\n<p>Delivery times generally vary between <strong>10 and 25 working days<\/strong>depending on destination.<\/p>\n<!-- \/wp:paragraph -->\n\n<!-- wp:heading {\"level\":3,\"className\":\"\"} -->\n<h3 class=\"wp-block-heading\">Carriers used<\/h3>\n<!-- \/wp:heading -->\n\n<!-- wp:paragraph {\"className\":\"\"} -->\n<p>Shipments are made by <strong>UPS<\/strong> or <strong>FedEx<\/strong>.<\/p>\n<!-- \/wp:paragraph -->\n\n<!-- wp:heading {\"level\":3,\"className\":\"\"} -->\n<h3 class=\"wp-block-heading\">Order tracking<\/h3>\n<!-- \/wp:heading -->\n\n<!-- wp:paragraph {\"className\":\"\"} -->\n<p>A <strong>tracking number<\/strong> is available on request once the order has been dispatched.<\/p>\n<!-- \/wp:paragraph -->\n\n<!-- wp:heading {\"level\":3,\"className\":\"\"} -->\n<h3 class=\"wp-block-heading\">Express delivery<\/h3>\n<!-- \/wp:heading -->\n\n<!-- wp:paragraph {\"className\":\"\"} -->\n<p>Express delivery is available on request, at an additional cost.<\/p>\n<!-- \/wp:paragraph -->\n\n<!-- wp:heading {\"level\":3,\"className\":\"\"} -->\n<h3 class=\"wp-block-heading\">Delivery charges<\/h3>\n<!-- \/wp:heading -->\n\n<!-- wp:paragraph {\"className\":\"\"} -->\n<p>Visit <strong>free delivery<\/strong>with no minimum purchase.<\/p>\n<!-- \/wp:paragraph -->\n\n<!-- wp:heading {\"level\":3,\"className\":\"\"} -->\n<h3 class=\"wp-block-heading\">Delivery problems<\/h3>\n<!-- \/wp:heading -->\n\n<!-- wp:paragraph {\"className\":\"\"} -->\n<p>In case of <strong>lost, damaged or unclaimed returned packages<\/strong>ARTIRIS INC undertakes to <strong>reship a new print within 1 to 3 working days<\/strong>.<\/p>\n<!-- \/wp:paragraph -->\n\n<!-- wp:separator --><hr class=\"wp-block-separator has-alpha-channel-opacity\" \/><!-- \/wp:separator -->\n\n<!-- wp:heading {\"className\":\"\"} -->\n<h2 class=\"wp-block-heading\">6. Return policy<\/h2>\n<!-- \/wp:heading -->\n\n<!-- wp:heading {\"level\":3,\"className\":\"\"} -->\n<h3 class=\"wp-block-heading\">Flexibility &amp; satisfaction<\/h3>\n<!-- \/wp:heading -->\n\n<!-- wp:paragraph {\"className\":\"\"} -->\n<p>At ARTIRIS INC, customer satisfaction is a priority. We are committed to <strong>flexibility<\/strong> regarding return or exchange requests.<\/p>\n<!-- \/wp:paragraph -->\n\n<!-- wp:heading {\"level\":3,\"className\":\"\"} -->\n<h3 class=\"wp-block-heading\">Accepted reasons for return<\/h3>\n<!-- \/wp:heading -->\n\n<!-- wp:paragraph {\"className\":\"\"} -->\n<p>A return or reprint can be requested in the following cases:<\/p>\n<!-- \/wp:paragraph -->\n\n<!-- wp:list -->\n<ul class=\"wp-block-list\"><!-- wp:list-item -->\n<li>The product has <strong>not received<\/strong><\/li>\n<!-- \/wp:list-item -->\n\n<!-- wp:list-item -->\n<li>The product <strong>does not meet our quality standards<\/strong><\/li>\n<!-- \/wp:list-item --><\/ul>\n<!-- \/wp:list -->\n\n<!-- wp:heading {\"level\":3,\"className\":\"\"} -->\n<h3 class=\"wp-block-heading\">Return policy<\/h3>\n<!-- \/wp:heading -->\n\n<!-- wp:list -->\n<ul class=\"wp-block-list\"><!-- wp:list-item -->\n<li>Return requests are <strong>processed immediately<\/strong> after receipt of the request.<\/li>\n<!-- \/wp:list-item -->\n\n<!-- wp:list-item -->\n<li>A <strong>new printing<\/strong> is then produced and dispatched as quickly as possible.<\/li>\n<!-- \/wp:list-item -->\n\n<!-- wp:list-item -->\n<li><strong>No return shipping costs<\/strong> is billed to the customer.<\/li>\n<!-- \/wp:list-item --><\/ul>\n<!-- \/wp:list -->\n\n<!-- wp:heading {\"level\":3,\"className\":\"\"} -->\n<h3 class=\"wp-block-heading\">Refund or exchange<\/h3>\n<!-- \/wp:heading -->\n\n<!-- wp:paragraph {\"className\":\"\"} -->\n<p>We do not offer refunds, but rather <strong>exchange<\/strong> (new printout) is systematically offered in the event of a problem.<\/p>\n<!-- \/wp:paragraph -->\n\n<!-- wp:separator --><hr class=\"wp-block-separator has-alpha-channel-opacity\" \/><!-- \/wp:separator -->\n\n<!-- wp:heading {\"className\":\"\"} -->\n<h2 class=\"wp-block-heading\">7. Applicable law<\/h2>\n<!-- \/wp:heading -->\n\n<!-- wp:paragraph {\"className\":\"\"} -->\n<p>These terms and conditions are governed by the laws in force in the province of Quebec, Canada. In the event of a dispute, an amicable solution will be sought before any legal action.<\/p>\n<!-- \/wp:paragraph -->\t\t\t\t\t\t\t\t<\/div>\n\t\t\t\t<\/div>\n\t\t\t\t\t<\/div>\n\t\t<\/div>\n\t\t\t\t\t<\/div>\n\t\t<\/section>\n\t\t\t\t<section class=\"elementor-section elementor-top-section elementor-element elementor-element-f4bc263 elementor-section-boxed elementor-section-height-default elementor-section-height-default\" data-id=\"f4bc263\" data-element_type=\"section\" data-e-type=\"section\">\n\t\t\t\t\t\t<div class=\"elementor-container elementor-column-gap-default\">\n\t\t\t\t\t<div class=\"elementor-column elementor-col-100 elementor-top-column elementor-element elementor-element-8c6916d\" data-id=\"8c6916d\" data-element_type=\"column\" data-e-type=\"column\">\n\t\t\t<div class=\"elementor-widget-wrap\">\n\t\t\t\t\t\t\t<\/div>\n\t\t<\/div>\n\t\t\t\t\t<\/div>\n\t\t<\/section>\n\t\t\t\t<\/div>","protected":false},"excerpt":{"rendered":"<p>Conditions g\u00e9n\u00e9rales de vente et renseignements personnels ARTIRIS INC228 Rue Saint-Jacques, Montr\u00e9al, QC H2Y 1L9Num\u00e9ro Entreprise Qu\u00e9bec : 1179257424Contact : allo@artiris.comSite : montreal.artiris.com Conform\u00e9ment \u00e0 la Loi 25 modernisant les dispositions l\u00e9gislatives en mati\u00e8re de protection des renseignements personnels au Qu\u00e9bec, nous nous engageons \u00e0 prot\u00e9ger la confidentialit\u00e9 des informations que vous nous confiez. 1. [&hellip;]<\/p>\n","protected":false},"author":3,"featured_media":0,"parent":0,"menu_order":0,"comment_status":"closed","ping_status":"closed","template":"","meta":{"_seopress_robots_primary_cat":"","_seopress_titles_title":"","_seopress_titles_desc":"","_seopress_robots_index":"yes","_uag_custom_page_level_css":"","site-sidebar-layout":"default","site-content-layout":"","ast-site-content-layout":"default","site-content-style":"default","site-sidebar-style":"default","ast-global-header-display":"","ast-banner-title-visibility":"","ast-main-header-display":"","ast-hfb-above-header-display":"","ast-hfb-below-header-display":"","ast-hfb-mobile-header-display":"","site-post-title":"","ast-breadcrumbs-content":"","ast-featured-img":"","footer-sml-layout":"","ast-disable-related-posts":"","theme-transparent-header-meta":"","adv-header-id-meta":"","stick-header-meta":"","header-above-stick-meta":"","header-main-stick-meta":"","header-below-stick-meta":"","astra-migrate-meta-layouts":"set","ast-page-background-enabled":"default","ast-page-background-meta":{"desktop":{"background-color":"","background-image":"","background-repeat":"repeat","background-position":"center center","background-size":"auto","background-attachment":"scroll","background-type":"","background-media":"","overlay-type":"","overlay-color":"","overlay-opacity":"","overlay-gradient":""},"tablet":{"background-color":"","background-image":"","background-repeat":"repeat","background-position":"center center","background-size":"auto","background-attachment":"scroll","background-type":"","background-media":"","overlay-type":"","overlay-color":"","overlay-opacity":"","overlay-gradient":""},"mobile":{"background-color":"","background-image":"","background-repeat":"repeat","background-position":"center center","background-size":"auto","background-attachment":"scroll","background-type":"","background-media":"","overlay-type":"","overlay-color":"","overlay-opacity":"","overlay-gradient":""}},"ast-content-background-meta":{"desktop":{"background-color":"var(--ast-global-color-5)","background-image":"","background-repeat":"repeat","background-position":"center center","background-size":"auto","background-attachment":"scroll","background-type":"","background-media":"","overlay-type":"","overlay-color":"","overlay-opacity":"","overlay-gradient":""},"tablet":{"background-color":"var(--ast-global-color-5)","background-image":"","background-repeat":"repeat","background-position":"center center","background-size":"auto","background-attachment":"scroll","background-type":"","background-media":"","overlay-type":"","overlay-color":"","overlay-opacity":"","overlay-gradient":""},"mobile":{"background-color":"var(--ast-global-color-5)","background-image":"","background-repeat":"repeat","background-position":"center center","background-size":"auto","background-attachment":"scroll","background-type":"","background-media":"","overlay-type":"","overlay-color":"","overlay-opacity":"","overlay-gradient":""}},"footnotes":""},"class_list":["post-10508","page","type-page","status-publish","hentry"],"uagb_featured_image_src":{"full":false,"thumbnail":false,"medium":false,"medium_large":false,"large":false,"1536x1536":false,"2048x2048":false,"trp-custom-language-flag":false,"gform-image-choice-sm":false,"gform-image-choice-md":false,"gform-image-choice-lg":false,"woocommerce_thumbnail":false,"woocommerce_single":false,"woocommerce_gallery_thumbnail":false},"uagb_author_info":{"display_name":"iris","author_link":"https:\/\/montreal.artiris.com\/en\/blog\/author\/adrien\/"},"uagb_comment_info":0,"uagb_excerpt":"Conditions g\u00e9n\u00e9rales de vente et renseignements personnels ARTIRIS INC228 Rue Saint-Jacques, Montr\u00e9al, QC H2Y 1L9Num\u00e9ro Entreprise Qu\u00e9bec : 1179257424Contact : allo@artiris.comSite : montreal.artiris.com Conform\u00e9ment \u00e0 la Loi 25 modernisant les dispositions l\u00e9gislatives en mati\u00e8re de protection des renseignements personnels au Qu\u00e9bec, nous nous engageons \u00e0 prot\u00e9ger la confidentialit\u00e9 des informations que vous nous confiez. 1.&hellip;","_links":{"self":[{"href":"https:\/\/montreal.artiris.com\/en\/wp-json\/wp\/v2\/pages\/10508","targetHints":{"allow":["GET"]}}],"collection":[{"href":"https:\/\/montreal.artiris.com\/en\/wp-json\/wp\/v2\/pages"}],"about":[{"href":"https:\/\/montreal.artiris.com\/en\/wp-json\/wp\/v2\/types\/page"}],"author":[{"embeddable":true,"href":"https:\/\/montreal.artiris.com\/en\/wp-json\/wp\/v2\/users\/3"}],"replies":[{"embeddable":true,"href":"https:\/\/montreal.artiris.com\/en\/wp-json\/wp\/v2\/comments?post=10508"}],"version-history":[{"count":32,"href":"https:\/\/montreal.artiris.com\/en\/wp-json\/wp\/v2\/pages\/10508\/revisions"}],"predecessor-version":[{"id":10673,"href":"https:\/\/montreal.artiris.com\/en\/wp-json\/wp\/v2\/pages\/10508\/revisions\/10673"}],"wp:attachment":[{"href":"https:\/\/montreal.artiris.com\/en\/wp-json\/wp\/v2\/media?parent=10508"}],"curies":[{"name":"wp","href":"https:\/\/api.w.org\/{rel}","templated":true}]}}