{"id":8226,"date":"2024-02-01T22:23:57","date_gmt":"2024-02-02T03:23:57","guid":{"rendered":"https:\/\/montreal.artiris.com\/?post_type=product&#038;p=8226"},"modified":"2025-12-17T18:23:47","modified_gmt":"2025-12-17T23:23:47","slug":"impression-grand-format","status":"publish","type":"product","link":"https:\/\/montreal.artiris.com\/en\/product\/large-format-printing\/","title":{"rendered":"Large format printing"},"content":{"rendered":"<h3>ACRYLIC PRINTING<\/h3>\n<p style=\"text-align: justify;\">Our acrylic glass mounting gives<strong> depth<\/strong> and <strong>clarity<\/strong> to your iris photograph, making each piece a captivating work of art.<\/p>\n<p style=\"text-align: justify;\">When we mount your iris photo on top-quality 4.5 mm acrylic glass, the photo is considerably strengthened and intensified to give it an even more attractive appearance. <strong>eye-catching three-dimensional effect.<\/strong> A light-blocking (opaque) film is applied to the back of the print to further enhance the effect.<\/p>\n<p>&nbsp;<\/p>\n<h3>MATTE ACRYLIC PRINTING<\/h3>\n<p style=\"text-align: justify;\">Our glass mounting <strong>acrylic matte<\/strong> gives<strong> depth<\/strong> and <strong>clarity<\/strong> to your iris photograph, without the reflections.<\/p>\n<p>&nbsp;<\/p>\n<h3>CANVAS PRINTING<\/h3>\n<p style=\"text-align: justify;\">Treat yourself to an artistic and elegant presentation that highlights the unique beauty of your iris.<\/p>\n<p style=\"text-align: justify;\">Your iris is transformed into <strong>a unique work of art<\/strong>. Printed on high-quality canvas, which is then stretched over a wooden frame for an elegant, artistic effect. This presentation highlights the exceptional beauty of your iris.<\/p>","protected":false},"excerpt":{"rendered":"<p>Have your work of art printed in the format of your choice. Metal or acrylic? Framed or unframed ? 40\u00d740 \" ?<\/p>\n<h3>Delivery included!<\/h3>\n<p>Delivery between 3 and 4 weeks, anywhere in Canada and the USA.<\/p>\n<h3>No customs fees!<\/h3>\n<p>Unlike our competitors, all our products are made in Quebec. No unpleasant surprises, no customs duties.<\/p>","protected":false},"featured_media":11051,"comment_status":"open","ping_status":"closed","template":"","meta":{"_seopress_robots_primary_cat":"none","_seopress_titles_title":"","_seopress_titles_desc":"","_seopress_robots_index":"","_uag_custom_page_level_css":"","site-sidebar-layout":"default","site-content-layout":"","ast-site-content-layout":"default","site-content-style":"default","site-sidebar-style":"default","ast-global-header-display":"","ast-banner-title-visibility":"","ast-main-header-display":"","ast-hfb-above-header-display":"","ast-hfb-below-header-display":"","ast-hfb-mobile-header-display":"","site-post-title":"","ast-breadcrumbs-content":"","ast-featured-img":"","footer-sml-layout":"","ast-disable-related-posts":"","theme-transparent-header-meta":"default","adv-header-id-meta":"","stick-header-meta":"default","header-above-stick-meta":"","header-main-stick-meta":"","header-below-stick-meta":"","astra-migrate-meta-layouts":"set","ast-page-background-enabled":"default","ast-page-background-meta":{"desktop":{"background-color":"","background-image":"","background-repeat":"repeat","background-position":"center center","background-size":"auto","background-attachment":"scroll","background-type":"","background-media":"","overlay-type":"","overlay-color":"","overlay-opacity":"","overlay-gradient":""},"tablet":{"background-color":"","background-image":"","background-repeat":"repeat","background-position":"center center","background-size":"auto","background-attachment":"scroll","background-type":"","background-media":"","overlay-type":"","overlay-color":"","overlay-opacity":"","overlay-gradient":""},"mobile":{"background-color":"","background-image":"","background-repeat":"repeat","background-position":"center center","background-size":"auto","background-attachment":"scroll","background-type":"","background-media":"","overlay-type":"","overlay-color":"","overlay-opacity":"","overlay-gradient":""}},"ast-content-background-meta":{"desktop":{"background-color":"var(--ast-global-color-5)","background-image":"","background-repeat":"repeat","background-position":"center center","background-size":"auto","background-attachment":"scroll","background-type":"","background-media":"","overlay-type":"","overlay-color":"","overlay-opacity":"","overlay-gradient":""},"tablet":{"background-color":"var(--ast-global-color-5)","background-image":"","background-repeat":"repeat","background-position":"center center","background-size":"auto","background-attachment":"scroll","background-type":"","background-media":"","overlay-type":"","overlay-color":"","overlay-opacity":"","overlay-gradient":""},"mobile":{"background-color":"var(--ast-global-color-5)","background-image":"","background-repeat":"repeat","background-position":"center center","background-size":"auto","background-attachment":"scroll","background-type":"","background-media":"","overlay-type":"","overlay-color":"","overlay-opacity":"","overlay-gradient":""}}},"product_brand":[],"product_cat":[64],"product_tag":[],"class_list":{"0":"post-8226","1":"product","2":"type-product","3":"status-publish","4":"has-post-thumbnail","6":"product_cat-impressions","7":"desktop-align-left","8":"tablet-align-left","9":"mobile-align-left","10":"ast-product-gallery-layout-first-image-large","11":"ast-product-tabs-layout-horizontal","13":"first","14":"instock","15":"taxable","16":"shipping-taxable","17":"purchasable","18":"product-type-simple"},"uagb_featured_image_src":{"full":["https:\/\/montreal.artiris.com\/wp-content\/uploads\/sites\/6\/2024\/02\/artiris-grande-impression-iris-photo.jpg",800,800,false],"thumbnail":["https:\/\/montreal.artiris.com\/wp-content\/uploads\/sites\/6\/2024\/02\/artiris-grande-impression-iris-photo-150x150.jpg",150,150,true],"medium":["https:\/\/montreal.artiris.com\/wp-content\/uploads\/sites\/6\/2024\/02\/artiris-grande-impression-iris-photo-300x300.jpg",300,300,true],"medium_large":["https:\/\/montreal.artiris.com\/wp-content\/uploads\/sites\/6\/2024\/02\/artiris-grande-impression-iris-photo-768x768.jpg",768,768,true],"large":["https:\/\/montreal.artiris.com\/wp-content\/uploads\/sites\/6\/2024\/02\/artiris-grande-impression-iris-photo.jpg",800,800,false],"1536x1536":["https:\/\/montreal.artiris.com\/wp-content\/uploads\/sites\/6\/2024\/02\/artiris-grande-impression-iris-photo.jpg",800,800,false],"2048x2048":["https:\/\/montreal.artiris.com\/wp-content\/uploads\/sites\/6\/2024\/02\/artiris-grande-impression-iris-photo.jpg",800,800,false],"trp-custom-language-flag":["https:\/\/montreal.artiris.com\/wp-content\/uploads\/sites\/6\/2024\/02\/artiris-grande-impression-iris-photo-12x12.jpg",12,12,true],"gform-image-choice-sm":["https:\/\/montreal.artiris.com\/wp-content\/uploads\/sites\/6\/2024\/02\/artiris-grande-impression-iris-photo.jpg",300,300,false],"gform-image-choice-md":["https:\/\/montreal.artiris.com\/wp-content\/uploads\/sites\/6\/2024\/02\/artiris-grande-impression-iris-photo.jpg",400,400,false],"gform-image-choice-lg":["https:\/\/montreal.artiris.com\/wp-content\/uploads\/sites\/6\/2024\/02\/artiris-grande-impression-iris-photo.jpg",600,600,false],"woocommerce_thumbnail":["https:\/\/montreal.artiris.com\/wp-content\/uploads\/sites\/6\/2024\/02\/artiris-grande-impression-iris-photo-300x300.jpg",300,300,true],"woocommerce_single":["https:\/\/montreal.artiris.com\/wp-content\/uploads\/sites\/6\/2024\/02\/artiris-grande-impression-iris-photo-600x600.jpg",600,600,true],"woocommerce_gallery_thumbnail":["https:\/\/montreal.artiris.com\/wp-content\/uploads\/sites\/6\/2024\/02\/artiris-grande-impression-iris-photo-100x100.jpg",100,100,true]},"uagb_author_info":{"display_name":"iris","author_link":"https:\/\/montreal.artiris.com\/en\/blog\/author\/"},"uagb_comment_info":8,"uagb_excerpt":"Faites imprimer votre oeuvre d'art au format que vous souhaitez. M\u00e9tal ou acrylique ? Avec ou sans cadre ? 40x40'' ? Livraison incluse ! Livraison entre 3 et 4 semaines, partout au Canada et USA. Pas de frais de douane ! Contrairement \u00e0 nos concurrents, tous nos produits sont fabriqu\u00e9s au Qu\u00e9bec. Pas de mauvaise&hellip;","_links":{"self":[{"href":"https:\/\/montreal.artiris.com\/en\/wp-json\/wp\/v2\/product\/8226","targetHints":{"allow":["GET"]}}],"collection":[{"href":"https:\/\/montreal.artiris.com\/en\/wp-json\/wp\/v2\/product"}],"about":[{"href":"https:\/\/montreal.artiris.com\/en\/wp-json\/wp\/v2\/types\/product"}],"replies":[{"embeddable":true,"href":"https:\/\/montreal.artiris.com\/en\/wp-json\/wp\/v2\/comments?post=8226"}],"wp:featuredmedia":[{"embeddable":true,"href":"https:\/\/montreal.artiris.com\/en\/wp-json\/wp\/v2\/media\/11051"}],"wp:attachment":[{"href":"https:\/\/montreal.artiris.com\/en\/wp-json\/wp\/v2\/media?parent=8226"}],"wp:term":[{"taxonomy":"product_brand","embeddable":true,"href":"https:\/\/montreal.artiris.com\/en\/wp-json\/wp\/v2\/product_brand?post=8226"},{"taxonomy":"product_cat","embeddable":true,"href":"https:\/\/montreal.artiris.com\/en\/wp-json\/wp\/v2\/product_cat?post=8226"},{"taxonomy":"product_tag","embeddable":true,"href":"https:\/\/montreal.artiris.com\/en\/wp-json\/wp\/v2\/product_tag?post=8226"}],"curies":[{"name":"wp","href":"https:\/\/api.w.org\/{rel}","templated":true}]}}