{"id":9028,"date":"2024-05-29T13:57:28","date_gmt":"2024-05-29T18:57:28","guid":{"rendered":"https:\/\/montreal.artiris.com\/?post_type=product&#038;p=9028"},"modified":"2026-02-12T09:41:06","modified_gmt":"2026-02-12T14:41:06","slug":"carte-cadeau","status":"publish","type":"product","link":"https:\/\/montreal.artiris.com\/en\/product\/gift-card\/","title":{"rendered":"Gift Card"},"content":{"rendered":"","protected":false},"excerpt":{"rendered":"<p>Create the gift card you want! It is possible to :<\/p>\n<ul>\n<li>Make a gift card for a fixed amount (89$ is the recommended minimum).<\/li>\n<li>Make a customized gift card by choosing the number of irises and adding a graphic effect.<\/li>\n<li>Or <strong>to combine the 2!<\/strong><\/li>\n<\/ul>\n<p>Once paid, the gift card will be downloadable and you can send or print it. If you wish, we can print it for you and you can collect it from our boutique (<a href=\"https:\/\/g.co\/kgs\/oD5hSqb\">Artiris Montr\u00e9al<\/a> - 228 rue Saint-Jacques, Montr\u00e9al).<\/p>\n<p>The gift card must be purchased at least <u><strong style=\"font-size: 30px;\">48 hours<\/strong><\/u> before the appointment.<\/p>\n<p>&nbsp;<\/p>","protected":false},"featured_media":10006,"comment_status":"open","ping_status":"closed","template":"","meta":{"_seopress_robots_primary_cat":"none","_seopress_titles_title":"Carte Cadeau ARTIRIS | Offrez une photographie d'iris | Cadeau unique et original","_seopress_titles_desc":"","_seopress_robots_index":"","_uag_custom_page_level_css":"","site-sidebar-layout":"default","site-content-layout":"","ast-site-content-layout":"default","site-content-style":"default","site-sidebar-style":"default","ast-global-header-display":"","ast-banner-title-visibility":"","ast-main-header-display":"","ast-hfb-above-header-display":"","ast-hfb-below-header-display":"","ast-hfb-mobile-header-display":"","site-post-title":"","ast-breadcrumbs-content":"","ast-featured-img":"","footer-sml-layout":"","ast-disable-related-posts":"","theme-transparent-header-meta":"default","adv-header-id-meta":"","stick-header-meta":"default","header-above-stick-meta":"","header-main-stick-meta":"","header-below-stick-meta":"","astra-migrate-meta-layouts":"set","ast-page-background-enabled":"default","ast-page-background-meta":{"desktop":{"background-color":"","background-image":"","background-repeat":"repeat","background-position":"center center","background-size":"auto","background-attachment":"scroll","background-type":"","background-media":"","overlay-type":"","overlay-color":"","overlay-opacity":"","overlay-gradient":""},"tablet":{"background-color":"","background-image":"","background-repeat":"repeat","background-position":"center center","background-size":"auto","background-attachment":"scroll","background-type":"","background-media":"","overlay-type":"","overlay-color":"","overlay-opacity":"","overlay-gradient":""},"mobile":{"background-color":"","background-image":"","background-repeat":"repeat","background-position":"center center","background-size":"auto","background-attachment":"scroll","background-type":"","background-media":"","overlay-type":"","overlay-color":"","overlay-opacity":"","overlay-gradient":""}},"ast-content-background-meta":{"desktop":{"background-color":"var(--ast-global-color-5)","background-image":"","background-repeat":"repeat","background-position":"center center","background-size":"auto","background-attachment":"scroll","background-type":"","background-media":"","overlay-type":"","overlay-color":"","overlay-opacity":"","overlay-gradient":""},"tablet":{"background-color":"var(--ast-global-color-5)","background-image":"","background-repeat":"repeat","background-position":"center center","background-size":"auto","background-attachment":"scroll","background-type":"","background-media":"","overlay-type":"","overlay-color":"","overlay-opacity":"","overlay-gradient":""},"mobile":{"background-color":"var(--ast-global-color-5)","background-image":"","background-repeat":"repeat","background-position":"center center","background-size":"auto","background-attachment":"scroll","background-type":"","background-media":"","overlay-type":"","overlay-color":"","overlay-opacity":"","overlay-gradient":""}}},"product_brand":[],"product_cat":[74],"product_tag":[],"class_list":{"0":"post-9028","1":"product","2":"type-product","3":"status-publish","4":"has-post-thumbnail","6":"product_cat-extra","7":"desktop-align-left","8":"tablet-align-left","9":"mobile-align-left","10":"ast-product-gallery-layout-first-image-large","11":"ast-product-tabs-layout-horizontal","13":"first","14":"instock","15":"downloadable","16":"virtual","17":"purchasable","18":"product-type-simple"},"uagb_featured_image_src":{"full":["https:\/\/montreal.artiris.com\/wp-content\/uploads\/sites\/6\/2024\/05\/photo-iris.png",888,876,false],"thumbnail":["https:\/\/montreal.artiris.com\/wp-content\/uploads\/sites\/6\/2024\/05\/photo-iris-150x150.png",150,150,true],"medium":["https:\/\/montreal.artiris.com\/wp-content\/uploads\/sites\/6\/2024\/05\/photo-iris-300x296.png",300,296,true],"medium_large":["https:\/\/montreal.artiris.com\/wp-content\/uploads\/sites\/6\/2024\/05\/photo-iris-768x758.png",768,758,true],"large":["https:\/\/montreal.artiris.com\/wp-content\/uploads\/sites\/6\/2024\/05\/photo-iris.png",888,876,false],"1536x1536":["https:\/\/montreal.artiris.com\/wp-content\/uploads\/sites\/6\/2024\/05\/photo-iris.png",888,876,false],"2048x2048":["https:\/\/montreal.artiris.com\/wp-content\/uploads\/sites\/6\/2024\/05\/photo-iris.png",888,876,false],"trp-custom-language-flag":["https:\/\/montreal.artiris.com\/wp-content\/uploads\/sites\/6\/2024\/05\/photo-iris-12x12.png",12,12,true],"gform-image-choice-sm":["https:\/\/montreal.artiris.com\/wp-content\/uploads\/sites\/6\/2024\/05\/photo-iris-300x300.png",300,300,true],"gform-image-choice-md":["https:\/\/montreal.artiris.com\/wp-content\/uploads\/sites\/6\/2024\/05\/photo-iris-400x400.png",400,400,true],"gform-image-choice-lg":["https:\/\/montreal.artiris.com\/wp-content\/uploads\/sites\/6\/2024\/05\/photo-iris-600x600.png",600,600,true],"woocommerce_thumbnail":["https:\/\/montreal.artiris.com\/wp-content\/uploads\/sites\/6\/2024\/05\/photo-iris-300x300.png",300,300,true],"woocommerce_single":["https:\/\/montreal.artiris.com\/wp-content\/uploads\/sites\/6\/2024\/05\/photo-iris-600x592.png",600,592,true],"woocommerce_gallery_thumbnail":["https:\/\/montreal.artiris.com\/wp-content\/uploads\/sites\/6\/2024\/05\/photo-iris-100x100.png",100,100,true]},"uagb_author_info":{"display_name":"iris","author_link":"https:\/\/montreal.artiris.com\/en\/blog\/author\/"},"uagb_comment_info":10,"uagb_excerpt":"Cr\u00e9ez la carte cadeau que vous souhaitez ! Il est possible de : Faire une carte cadeau d'un montant fixe (89$ est un minimum recommand\u00e9e). Faire une carte cadeau sur mesure en choisissant le nombre d'iris et l'ajout d'un effet graphique. Ou de combiner les 2 ! Une fois pay\u00e9, la carte cadeau sera t\u00e9l\u00e9chargeable&hellip;","_links":{"self":[{"href":"https:\/\/montreal.artiris.com\/en\/wp-json\/wp\/v2\/product\/9028","targetHints":{"allow":["GET"]}}],"collection":[{"href":"https:\/\/montreal.artiris.com\/en\/wp-json\/wp\/v2\/product"}],"about":[{"href":"https:\/\/montreal.artiris.com\/en\/wp-json\/wp\/v2\/types\/product"}],"replies":[{"embeddable":true,"href":"https:\/\/montreal.artiris.com\/en\/wp-json\/wp\/v2\/comments?post=9028"}],"wp:featuredmedia":[{"embeddable":true,"href":"https:\/\/montreal.artiris.com\/en\/wp-json\/wp\/v2\/media\/10006"}],"wp:attachment":[{"href":"https:\/\/montreal.artiris.com\/en\/wp-json\/wp\/v2\/media?parent=9028"}],"wp:term":[{"taxonomy":"product_brand","embeddable":true,"href":"https:\/\/montreal.artiris.com\/en\/wp-json\/wp\/v2\/product_brand?post=9028"},{"taxonomy":"product_cat","embeddable":true,"href":"https:\/\/montreal.artiris.com\/en\/wp-json\/wp\/v2\/product_cat?post=9028"},{"taxonomy":"product_tag","embeddable":true,"href":"https:\/\/montreal.artiris.com\/en\/wp-json\/wp\/v2\/product_tag?post=9028"}],"curies":[{"name":"wp","href":"https:\/\/api.w.org\/{rel}","templated":true}]}}